{"id":2191,"date":"2018-06-06T07:20:40","date_gmt":"2018-06-06T07:20:40","guid":{"rendered":"https:\/\/metropolitanohc.com\/web\/?page_id=2191"},"modified":"2021-07-12T23:27:43","modified_gmt":"2021-07-12T21:27:43","slug":"historia","status":"publish","type":"page","link":"https:\/\/metropolitanohc.com\/web\/historia\/","title":{"rendered":"Historia del Club"},"content":{"rendered":"<p>[vc_row full_width=\u00bbstretch_row\u00bb gap=\u00bb5&#8243; css=\u00bb.vc_custom_1626123973834{border-top-width: 1px !important;border-bottom-width: 1px !important;background-position: center !important;background-repeat: no-repeat !important;background-size: cover !important;}\u00bb el_class=\u00bbsuccess-story\u00bb][vc_column][vc_custom_heading text=\u00bbUna historia de mas de 20 a\u00f1os\u00bb font_container=\u00bbtag:h1|text_align:left\u00bb use_theme_fonts=\u00bbyes\u00bb][vc_column_text]<\/p>\n<p style=\"font-weight: 400;\">\u00a0El Metropolitano Club de Patinaje nace en 1996 formado por los antiguos jugadores de los clubs de hockey hielo Casco Viejo, Portugalete y Vizcaya. Tras varios a\u00f1os donde el conjunto de Bilbao no dispon\u00eda de unas instalaciones adecuadas para la pr\u00e1ctica del hockey l\u00ednea, en 2007 hubo un punto de inflexi\u00f3n que cambi\u00f3 el porvenir del club.\u00a0En aquel a\u00f1o, Bilbao fue la sede del Mundial de Hockey L\u00ednea y para tal evento, el Ayuntamiento de Bilbao de la mano de Bilbao Kirolak, construyeron en el polideportivo de Zorrotza una de las pistas m\u00e1s impresionantes de Europa, la cual tras el mundial servir\u00eda como sede para el equipo bilba\u00edno.<\/p>\n<p style=\"font-weight: 400;\">Fruto de estas magn\u00edficas instalaciones, en 2008 el Metropolitano pudo acceder a competir en la Liga \u00c9lite, m\u00e1xima competici\u00f3n nacional en la cual sigue participando a d\u00eda de hoy. Una vez asentado en las diferentes competiciones nacionales, el Metropolitano comienza a apostar por el fomento de las categor\u00edas inferiores, contando en la actualidad con aproximadamente un centenar de canteranos.<\/p>\n<p>[\/vc_column_text][vc_row_inner css=\u00bb.vc_custom_1626125212975{background-color: #ffffff !important;}\u00bb][vc_column_inner width=\u00bb1\/2&#8243;][vc_custom_heading text=\u00bbPalmares\u00bb font_container=\u00bbtag:div|text_align:left\u00bb use_theme_fonts=\u00bbyes\u00bb el_class=\u00bbtitle\u00bb][vc_column_text css=\u00bb.vc_custom_1528270986111{margin-bottom: 10px !important;}\u00bb]<\/p>\n<ul>\n<li>Subcampe\u00f3n de la Copa SM El Rey (2018)<\/li>\n<li>Campe\u00f3n de la Copa SAR La Princesa (2017)<\/li>\n<li>Semifinalista de Playoff de Liga \u00c9lite 2015\/16<\/li>\n<li>Participaci\u00f3n en la Fase Previa de la Copa de Europa (2012)<\/li>\n<li>Campe\u00f3n Liga Euskadi (2014, 2015, 2016, 2017)<\/li>\n<li>Campe\u00f3n Copa Euskadi\u00a0(2014, 2015, 2016, 2017)<\/li>\n<li>Subcampe\u00f3n de Espa\u00f1a Infantil (2014)<\/li>\n<li>Subcampe\u00f3n de Espa\u00f1a Junior (2008)<\/li>\n<li>Tercer clasificado de Espa\u00f1a Juvenil (2007)<\/li>\n<li>Subcampeonato de Espa\u00f1a Senior (1997)<\/li>\n<\/ul>\n<p>[\/vc_column_text][\/vc_column_inner][vc_column_inner width=\u00bb1\/2&#8243;][vc_single_image image=\u00bb3426&#8243; img_size=\u00bblarge\u00bb alignment=\u00bbcenter\u00bb][\/vc_column_inner][\/vc_row_inner][vc_empty_space][vc_single_image image=\u00bb3716&#8243; img_size=\u00bbfull\u00bb][vc_empty_space height=\u00bb90px\u00bb][\/vc_column][\/vc_row][vc_row full_width=\u00bbstretch_row\u00bb content_placement=\u00bbmiddle\u00bb msp_template=\u00bbhome-football\u00bb el_class=\u00bbcall-to-action\u00bb css=\u00bb.vc_custom_1529158968995{padding-top: 74px !important;padding-bottom: 74px !important;background-image: url(https:\/\/metropolitanohc.com\/web\/wp-content\/uploads\/2017\/04\/join-hockey.jpg?id=1740) !important;background-position: center !important;background-repeat: no-repeat !important;background-size: cover !important;}\u00bb][vc_column width=\u00bb5\/6&#8243; css=\u00bb.vc_custom_1488463314956{padding-top: 0px !important;}\u00bb][vc_column_text css_animation=\u00bbslideInLeft\u00bb css=\u00bb.vc_custom_1529867684154{margin-bottom: 0px !important;}\u00bb]<\/p>\n<div class=\"text\" style=\"color: #ffffff;\">Forma parte de este equipo<\/div>\n<p>[\/vc_column_text][\/vc_column][vc_column width=\u00bb1\/6&#8243; css=\u00bb.vc_custom_1488463280186{padding-top: 0px !important;}\u00bb][vc_column_text css_animation=\u00bbslideInRight\u00bb css=\u00bb.vc_custom_1529867732482{margin-bottom: 0px !important;}\u00bb]<\/p>\n<p style=\"text-align: right;\"><a class=\"join\" href=\"https:\/\/metropolitanohc.com\/web\/contacto\/\">\u00a1Patrocinanos!<\/a><\/p>\n<p>[\/vc_column_text][\/vc_column][\/vc_row]<\/p>\n","protected":false},"excerpt":{"rendered":"<p>[vc_row full_width=\u00bbstretch_row\u00bb gap=\u00bb5&#8243; css=\u00bb.vc_custom_1626123973834{border-top-width: 1px !important;border-bottom-width: 1px !important;background-position: center !important;background-repeat: no-repeat !important;background-size: cover !important;}\u00bb el_class=\u00bbsuccess-story\u00bb][vc_column][vc_custom_heading text=\u00bbUna historia de mas de 20 a\u00f1os\u00bb font_container=\u00bbtag:h1|text_align:left\u00bb use_theme_fonts=\u00bbyes\u00bb][vc_column_text] \u00a0El Metropolitano Club de Patinaje nace en 1996 formado por los antiguos jugadores de los clubs de hockey hielo Casco Viejo, Portugalete y Vizcaya. Tras varios a\u00f1os donde el conjunto de [&hellip;]<\/p>\n","protected":false},"author":1,"featured_media":0,"parent":0,"menu_order":0,"comment_status":"closed","ping_status":"closed","template":"","meta":{"footnotes":""},"class_list":["post-2191","page","type-page","status-publish","hentry"],"yoast_head":"<!-- This site is optimized with the Yoast SEO plugin v27.4 - https:\/\/yoast.com\/product\/yoast-seo-wordpress\/ -->\n<title>Historia del Club -<\/title>\n<meta name=\"robots\" content=\"index, follow, max-snippet:-1, max-image-preview:large, max-video-preview:-1\" \/>\n<link rel=\"canonical\" href=\"https:\/\/metropolitanohc.com\/web\/historia\/\" \/>\n<meta property=\"og:locale\" content=\"es_ES\" \/>\n<meta property=\"og:type\" content=\"article\" \/>\n<meta property=\"og:title\" content=\"Historia del Club -\" \/>\n<meta property=\"og:description\" content=\"[vc_row full_width=\u00bbstretch_row\u00bb gap=\u00bb5&#8243; css=\u00bb.vc_custom_1626123973834{border-top-width: 1px !important;border-bottom-width: 1px !important;background-position: center !important;background-repeat: no-repeat !important;background-size: cover !important;}\u00bb el_class=\u00bbsuccess-story\u00bb][vc_column][vc_custom_heading text=\u00bbUna historia de mas de 20 a\u00f1os\u00bb font_container=\u00bbtag:h1|text_align:left\u00bb use_theme_fonts=\u00bbyes\u00bb][vc_column_text] \u00a0El Metropolitano Club de Patinaje nace en 1996 formado por los antiguos jugadores de los clubs de hockey hielo Casco Viejo, Portugalete y Vizcaya. Tras varios a\u00f1os donde el conjunto de [&hellip;]\" \/>\n<meta property=\"og:url\" content=\"https:\/\/metropolitanohc.com\/web\/historia\/\" \/>\n<meta property=\"article:publisher\" content=\"https:\/\/www.facebook.com\/MetropolitanoHockeyClub\/\" \/>\n<meta property=\"article:modified_time\" content=\"2021-07-12T21:27:43+00:00\" \/>\n<meta name=\"twitter:card\" content=\"summary_large_image\" \/>\n<meta name=\"twitter:label1\" content=\"Tiempo de lectura\" \/>\n\t<meta name=\"twitter:data1\" content=\"2 minutos\" \/>\n<script type=\"application\/ld+json\" class=\"yoast-schema-graph\">{\"@context\":\"https:\\\/\\\/schema.org\",\"@graph\":[{\"@type\":\"WebPage\",\"@id\":\"https:\\\/\\\/metropolitanohc.com\\\/web\\\/historia\\\/\",\"url\":\"https:\\\/\\\/metropolitanohc.com\\\/web\\\/historia\\\/\",\"name\":\"Historia del Club -\",\"isPartOf\":{\"@id\":\"https:\\\/\\\/metropolitanohc.com\\\/web\\\/#website\"},\"datePublished\":\"2018-06-06T07:20:40+00:00\",\"dateModified\":\"2021-07-12T21:27:43+00:00\",\"breadcrumb\":{\"@id\":\"https:\\\/\\\/metropolitanohc.com\\\/web\\\/historia\\\/#breadcrumb\"},\"inLanguage\":\"es\",\"potentialAction\":[{\"@type\":\"ReadAction\",\"target\":[\"https:\\\/\\\/metropolitanohc.com\\\/web\\\/historia\\\/\"]}]},{\"@type\":\"BreadcrumbList\",\"@id\":\"https:\\\/\\\/metropolitanohc.com\\\/web\\\/historia\\\/#breadcrumb\",\"itemListElement\":[{\"@type\":\"ListItem\",\"position\":1,\"name\":\"Home\",\"item\":\"https:\\\/\\\/metropolitanohc.com\\\/web\\\/\"},{\"@type\":\"ListItem\",\"position\":2,\"name\":\"Historia del Club\"}]},{\"@type\":\"WebSite\",\"@id\":\"https:\\\/\\\/metropolitanohc.com\\\/web\\\/#website\",\"url\":\"https:\\\/\\\/metropolitanohc.com\\\/web\\\/\",\"name\":\"\",\"description\":\"\",\"potentialAction\":[{\"@type\":\"SearchAction\",\"target\":{\"@type\":\"EntryPoint\",\"urlTemplate\":\"https:\\\/\\\/metropolitanohc.com\\\/web\\\/?s={search_term_string}\"},\"query-input\":{\"@type\":\"PropertyValueSpecification\",\"valueRequired\":true,\"valueName\":\"search_term_string\"}}],\"inLanguage\":\"es\"}]}<\/script>\n<!-- \/ Yoast SEO plugin. -->","yoast_head_json":{"title":"Historia del Club -","robots":{"index":"index","follow":"follow","max-snippet":"max-snippet:-1","max-image-preview":"max-image-preview:large","max-video-preview":"max-video-preview:-1"},"canonical":"https:\/\/metropolitanohc.com\/web\/historia\/","og_locale":"es_ES","og_type":"article","og_title":"Historia del Club -","og_description":"[vc_row full_width=\u00bbstretch_row\u00bb gap=\u00bb5&#8243; css=\u00bb.vc_custom_1626123973834{border-top-width: 1px !important;border-bottom-width: 1px !important;background-position: center !important;background-repeat: no-repeat !important;background-size: cover !important;}\u00bb el_class=\u00bbsuccess-story\u00bb][vc_column][vc_custom_heading text=\u00bbUna historia de mas de 20 a\u00f1os\u00bb font_container=\u00bbtag:h1|text_align:left\u00bb use_theme_fonts=\u00bbyes\u00bb][vc_column_text] \u00a0El Metropolitano Club de Patinaje nace en 1996 formado por los antiguos jugadores de los clubs de hockey hielo Casco Viejo, Portugalete y Vizcaya. Tras varios a\u00f1os donde el conjunto de [&hellip;]","og_url":"https:\/\/metropolitanohc.com\/web\/historia\/","article_publisher":"https:\/\/www.facebook.com\/MetropolitanoHockeyClub\/","article_modified_time":"2021-07-12T21:27:43+00:00","twitter_card":"summary_large_image","twitter_misc":{"Tiempo de lectura":"2 minutos"},"schema":{"@context":"https:\/\/schema.org","@graph":[{"@type":"WebPage","@id":"https:\/\/metropolitanohc.com\/web\/historia\/","url":"https:\/\/metropolitanohc.com\/web\/historia\/","name":"Historia del Club -","isPartOf":{"@id":"https:\/\/metropolitanohc.com\/web\/#website"},"datePublished":"2018-06-06T07:20:40+00:00","dateModified":"2021-07-12T21:27:43+00:00","breadcrumb":{"@id":"https:\/\/metropolitanohc.com\/web\/historia\/#breadcrumb"},"inLanguage":"es","potentialAction":[{"@type":"ReadAction","target":["https:\/\/metropolitanohc.com\/web\/historia\/"]}]},{"@type":"BreadcrumbList","@id":"https:\/\/metropolitanohc.com\/web\/historia\/#breadcrumb","itemListElement":[{"@type":"ListItem","position":1,"name":"Home","item":"https:\/\/metropolitanohc.com\/web\/"},{"@type":"ListItem","position":2,"name":"Historia del Club"}]},{"@type":"WebSite","@id":"https:\/\/metropolitanohc.com\/web\/#website","url":"https:\/\/metropolitanohc.com\/web\/","name":"","description":"","potentialAction":[{"@type":"SearchAction","target":{"@type":"EntryPoint","urlTemplate":"https:\/\/metropolitanohc.com\/web\/?s={search_term_string}"},"query-input":{"@type":"PropertyValueSpecification","valueRequired":true,"valueName":"search_term_string"}}],"inLanguage":"es"}]}},"_links":{"self":[{"href":"https:\/\/metropolitanohc.com\/web\/wp-json\/wp\/v2\/pages\/2191","targetHints":{"allow":["GET"]}}],"collection":[{"href":"https:\/\/metropolitanohc.com\/web\/wp-json\/wp\/v2\/pages"}],"about":[{"href":"https:\/\/metropolitanohc.com\/web\/wp-json\/wp\/v2\/types\/page"}],"author":[{"embeddable":true,"href":"https:\/\/metropolitanohc.com\/web\/wp-json\/wp\/v2\/users\/1"}],"replies":[{"embeddable":true,"href":"https:\/\/metropolitanohc.com\/web\/wp-json\/wp\/v2\/comments?post=2191"}],"version-history":[{"count":42,"href":"https:\/\/metropolitanohc.com\/web\/wp-json\/wp\/v2\/pages\/2191\/revisions"}],"predecessor-version":[{"id":3734,"href":"https:\/\/metropolitanohc.com\/web\/wp-json\/wp\/v2\/pages\/2191\/revisions\/3734"}],"wp:attachment":[{"href":"https:\/\/metropolitanohc.com\/web\/wp-json\/wp\/v2\/media?parent=2191"}],"curies":[{"name":"wp","href":"https:\/\/api.w.org\/{rel}","templated":true}]}}