{"id":2127,"date":"2018-06-05T21:30:37","date_gmt":"2018-06-05T21:30:37","guid":{"rendered":"https:\/\/metropolitanohc.com\/web\/?page_id=2127"},"modified":"2018-06-25T10:27:21","modified_gmt":"2018-06-25T10:27:21","slug":"campus","status":"publish","type":"page","link":"https:\/\/metropolitanohc.com\/web\/campus\/","title":{"rendered":"Campus"},"content":{"rendered":"<p>[vc_row full_width=\u00bbstretch_row_content\u00bb parallax=\u00bbcontent-moving\u00bb parallax_image=\u00bb2091&#8243; css=\u00bb.vc_custom_1528361776029{border-top-width: 1px !important;border-bottom-width: 1px !important;background-color: #d3d3d3 !important;background-position: center;background-repeat: no-repeat !important;background-size: cover !important;border-top-color: #3e3e3e !important;border-top-style: solid !important;border-bottom-color: #3e3e3e !important;border-bottom-style: solid !important;}\u00bb el_class=\u00bbsuccess-story\u00bb][vc_column width=\u00bb2\/3&#8243;][vc_custom_heading text=\u00bbEl campus de verano del Metropolitano\u00bb font_container=\u00bbtag:h1|text_align:left\u00bb use_theme_fonts=\u00bbyes\u00bb][vc_column_text]<em><strong>\u00a1\u00a1Os Damos la Bienvenida un a\u00f1o m\u00e1s al Campus de verano que organiza el Metropolitano HC!!\u00a0<\/strong><\/em><i>Ven y disfruta de unos d\u00edas en los que aprender\u00e1s cosas nuevas de nuestro deporte favorito, har\u00e1s nuevas amistades y multitud de actividades m\u00e1s.\u00a0<\/i>[\/vc_column_text][vc_row_inner][vc_column_inner width=\u00bb1\/2&#8243;][vc_single_image image=\u00bb309&#8243; css=\u00bb.vc_custom_1528197481023{margin-bottom: 0px !important;}\u00bb][vc_custom_heading text=\u00bbFechas de los campus\u00bb font_container=\u00bbtag:div|text_align:left\u00bb use_theme_fonts=\u00bbyes\u00bb el_class=\u00bbtitle\u00bb][vc_column_text css=\u00bb.vc_custom_1528199386606{margin-bottom: 10px !important;}\u00bb]<\/p>\n<ul>\n<li>25 al 29 de Junio 1\u00ba Campus<\/li>\n<li>2 al 6 de Julio 2\u00ba Campus<\/li>\n<li>Horario de 8:30 a 14:30<\/li>\n<\/ul>\n<p>[\/vc_column_text][vc_custom_heading text=\u00bbPara ni\u00f1@s entre 6 y 13 a\u00f1os\u00bb font_container=\u00bbtag:div|text_align:left\u00bb use_theme_fonts=\u00bbyes\u00bb el_class=\u00bbtitle\u00bb][vc_column_text css=\u00bb.vc_custom_1528198682799{margin-bottom: 10px !important;}\u00bb]<\/p>\n<ul>\n<li>Monitores titulados, integrantes del equipo \u00c9lite del Metropolitano HC.<\/li>\n<li>Triling\u00fce (castellano, euskera e ingl\u00e9s).<\/li>\n<li>Es necesario saber patinar.<\/li>\n<li>Plazas limitadas<\/li>\n<\/ul>\n<p>[\/vc_column_text][\/vc_column_inner][vc_column_inner width=\u00bb1\/2&#8243;][vc_single_image image=\u00bb309&#8243; css=\u00bb.vc_custom_1491853118882{margin-bottom: 0px !important;}\u00bb][vc_custom_heading text=\u00bbDatak\u00bb font_container=\u00bbtag:div|text_align:left\u00bb use_theme_fonts=\u00bbyes\u00bb el_class=\u00bbtitle\u00bb][vc_column_text css=\u00bb.vc_custom_1528199344239{margin-bottom: 10px !important;}\u00bb]<\/p>\n<ul>\n<li>Ekainaren 25tik-29era 1\u00ba Campus<\/li>\n<li>Utzailaren 2tik-6era 2\u00ba Campus<\/li>\n<li>Ordutegia 8:30 &#8211; 14:30<\/li>\n<\/ul>\n<p>[\/vc_column_text][vc_custom_heading text=\u00bb6 eta 13 urte bitarteko umeerentzat\u00bb font_container=\u00bbtag:div|text_align:left\u00bb use_theme_fonts=\u00bbyes\u00bb el_class=\u00bbtitle\u00bb][vc_column_text css=\u00bb.vc_custom_1528199611747{margin-bottom: 10px !important;}\u00bb]<\/p>\n<ul>\n<li>Monitore titulatuek, Metropolitano HC-ko \u00c9lite taldeko partaideak direnak.<\/li>\n<li>Hiruelduna.<\/li>\n<li>Patinatzen jakitea beharrezkoa da.<\/li>\n<li>Plaza mugatuak.<\/li>\n<\/ul>\n<p>[\/vc_column_text][\/vc_column_inner][\/vc_row_inner][\/vc_column][vc_column width=\u00bb1\/3&#8243;][vc_single_image image=\u00bb2110&#8243; img_size=\u00bbfull\u00bb css=\u00bb.vc_custom_1528210930297{margin-bottom: 0px !important;}\u00bb][vc_row_inner el_class=\u00bbcoach-quote\u00bb][vc_column_inner][vc_column_text css=\u00bb.vc_custom_1528200300829{margin-bottom: 0px !important;}\u00bb][\/vc_column_text][vc_column_text][\/vc_column_text][\/vc_column_inner][\/vc_row_inner][\/vc_column][\/vc_row][vc_row full_width=\u00bbstretch_row_content\u00bb css=\u00bb.vc_custom_1529159183855{border-bottom-width: 1px !important;background-image: url(https:\/\/metropolitanohc.com\/web\/wp-content\/uploads\/2018\/06\/559116-1.png?id=2249) !important;background-position: center !important;background-repeat: no-repeat !important;background-size: cover !important;border-bottom-color: #3e3e3e !important;border-bottom-style: solid !important;}\u00bb][vc_column width=\u00bb1\/2&#8243; css=\u00bb.vc_custom_1529159190730{background-position: center !important;background-repeat: no-repeat !important;background-size: cover !important;}\u00bb][vc_empty_space height=\u00bb100px\u00bb][vc_hoverbox image=\u00bb2429&#8243; primary_title=\u00bb\u00bfC\u00f3mo Inscribirse?\u00bb primary_title_font_container=\u00bbcolor:%23ffffff\u00bb primary_title_use_theme_fonts=\u00bbyes\u00bb hover_title=\u00bb\u00bb use_custom_fonts_primary_title=\u00bbtrue\u00bb use_custom_fonts_hover_title=\u00bbtrue\u00bb]En esta p\u00e1gina se puede descargar el documento de inscripci\u00f3n al campus. Se puede enviar por email como documento adjunto o entregar la hoja en las instalaciones. Si tiene cualquier duda, p\u00f3ngase en contacto con nosotros a trav\u00e9s del mail o por tel\u00e9fono.[\/vc_hoverbox][vc_empty_space][vc_hoverbox image=\u00bb2431&#8243; primary_title=\u00bbActividades y Material\u00bb primary_title_font_container=\u00bbcolor:%23ffffff\u00bb primary_title_use_theme_fonts=\u00bbyes\u00bb hover_title=\u00bb\u00bb use_custom_fonts_primary_title=\u00bbtrue\u00bb]Adem\u00e1s de la equipaci\u00f3n espec\u00edfica de H.L (Patines, protecciones, casco, etc.) es necesario llevar ba\u00f1ador, ch\u00e1ndal, camiseta, pantal\u00f3n corto y zapatillas deportivas para la realizaci\u00f3n de las diferentes actividades f\u00edsicas o para el acceso a la piscina.[\/vc_hoverbox][\/vc_column][vc_column width=\u00bb1\/2&#8243; css=\u00bb.vc_custom_1528362139032{border-left-width: 1px !important;background-color: #bfbfbf !important;border-left-color: #3e3e3e !important;border-left-style: solid !important;}\u00bb][vc_empty_space][vc_btn title=\u00bbDocumento Inscripci\u00f3n\u00bb style=\u00bb3d\u00bb color=\u00bbsky\u00bb size=\u00bblg\u00bb css=\u00bb.vc_custom_1528295145618{margin-left: 5px !important;}\u00bb link=\u00bburl:http%3A%2F%2Fmetropolitanohc.com%2Fmetropolitanohc.com%2Fwp-content%2Fuploads%2F2018%2F06%2FInfo_-Castellano.pdf|||\u00bb][vc_btn title=\u00bbInskripzio dokumentua\u00bb style=\u00bb3d\u00bb color=\u00bbsky\u00bb size=\u00bblg\u00bb link=\u00bburl:http%3A%2F%2Fmetropolitanohc.com%2Fmetropolitanohc.com%2Fwp-content%2Fuploads%2F2018%2F06%2FInfo_Euskera.pdf|||\u00bb]<p class=\"wpcf7-contact-form-not-found\"><strong>Error:<\/strong> Formulario de contacto no encontrado.<\/p>[\/vc_column][\/vc_row][vc_row full_width=\u00bbstretch_row_content_no_spaces\u00bb][vc_column][vc_video link=\u00bbhttps:\/\/www.youtube.com\/watch?v=IySfKSCUdRc\u00bb][\/vc_column][\/vc_row]<\/p>\n","protected":false},"excerpt":{"rendered":"<p>[vc_row full_width=\u00bbstretch_row_content\u00bb parallax=\u00bbcontent-moving\u00bb parallax_image=\u00bb2091&#8243; css=\u00bb.vc_custom_1528361776029{border-top-width: 1px !important;border-bottom-width: 1px !important;background-color: #d3d3d3 !important;background-position: center;background-repeat: no-repeat !important;background-size: cover !important;border-top-color: #3e3e3e !important;border-top-style: solid !important;border-bottom-color: #3e3e3e !important;border-bottom-style: solid !important;}\u00bb el_class=\u00bbsuccess-story\u00bb][vc_column width=\u00bb2\/3&#8243;][vc_custom_heading text=\u00bbEl campus de verano del Metropolitano\u00bb font_container=\u00bbtag:h1|text_align:left\u00bb use_theme_fonts=\u00bbyes\u00bb][vc_column_text]\u00a1\u00a1Os Damos la Bienvenida un a\u00f1o m\u00e1s al Campus de verano que organiza el Metropolitano HC!!\u00a0Ven y disfruta de unos d\u00edas en [&hellip;]<\/p>\n","protected":false},"author":1,"featured_media":0,"parent":0,"menu_order":0,"comment_status":"closed","ping_status":"closed","template":"","meta":{"footnotes":""},"class_list":["post-2127","page","type-page","status-publish","hentry"],"yoast_head":"<!-- This site is optimized with the Yoast SEO plugin v27.4 - https:\/\/yoast.com\/product\/yoast-seo-wordpress\/ -->\n<title>Campus -<\/title>\n<meta name=\"robots\" content=\"index, follow, max-snippet:-1, max-image-preview:large, max-video-preview:-1\" \/>\n<link rel=\"canonical\" href=\"https:\/\/metropolitanohc.com\/web\/campus\/\" \/>\n<meta property=\"og:locale\" content=\"es_ES\" \/>\n<meta property=\"og:type\" content=\"article\" \/>\n<meta property=\"og:title\" content=\"Campus -\" \/>\n<meta property=\"og:description\" content=\"[vc_row full_width=\u00bbstretch_row_content\u00bb parallax=\u00bbcontent-moving\u00bb parallax_image=\u00bb2091&#8243; css=\u00bb.vc_custom_1528361776029{border-top-width: 1px !important;border-bottom-width: 1px !important;background-color: #d3d3d3 !important;background-position: center;background-repeat: no-repeat !important;background-size: cover !important;border-top-color: #3e3e3e !important;border-top-style: solid !important;border-bottom-color: #3e3e3e !important;border-bottom-style: solid !important;}\u00bb el_class=\u00bbsuccess-story\u00bb][vc_column width=\u00bb2\/3&#8243;][vc_custom_heading text=\u00bbEl campus de verano del Metropolitano\u00bb font_container=\u00bbtag:h1|text_align:left\u00bb use_theme_fonts=\u00bbyes\u00bb][vc_column_text]\u00a1\u00a1Os Damos la Bienvenida un a\u00f1o m\u00e1s al Campus de verano que organiza el Metropolitano HC!!\u00a0Ven y disfruta de unos d\u00edas en [&hellip;]\" \/>\n<meta property=\"og:url\" content=\"https:\/\/metropolitanohc.com\/web\/campus\/\" \/>\n<meta property=\"article:publisher\" content=\"https:\/\/www.facebook.com\/MetropolitanoHockeyClub\/\" \/>\n<meta property=\"article:modified_time\" content=\"2018-06-25T10:27:21+00:00\" \/>\n<meta name=\"twitter:card\" content=\"summary_large_image\" \/>\n<meta name=\"twitter:label1\" content=\"Tiempo de lectura\" \/>\n\t<meta name=\"twitter:data1\" content=\"4 minutos\" \/>\n<script type=\"application\/ld+json\" class=\"yoast-schema-graph\">{\"@context\":\"https:\\\/\\\/schema.org\",\"@graph\":[{\"@type\":\"WebPage\",\"@id\":\"https:\\\/\\\/metropolitanohc.com\\\/web\\\/campus\\\/\",\"url\":\"https:\\\/\\\/metropolitanohc.com\\\/web\\\/campus\\\/\",\"name\":\"Campus -\",\"isPartOf\":{\"@id\":\"https:\\\/\\\/metropolitanohc.com\\\/web\\\/#website\"},\"datePublished\":\"2018-06-05T21:30:37+00:00\",\"dateModified\":\"2018-06-25T10:27:21+00:00\",\"breadcrumb\":{\"@id\":\"https:\\\/\\\/metropolitanohc.com\\\/web\\\/campus\\\/#breadcrumb\"},\"inLanguage\":\"es\",\"potentialAction\":[{\"@type\":\"ReadAction\",\"target\":[\"https:\\\/\\\/metropolitanohc.com\\\/web\\\/campus\\\/\"]}]},{\"@type\":\"BreadcrumbList\",\"@id\":\"https:\\\/\\\/metropolitanohc.com\\\/web\\\/campus\\\/#breadcrumb\",\"itemListElement\":[{\"@type\":\"ListItem\",\"position\":1,\"name\":\"Home\",\"item\":\"https:\\\/\\\/metropolitanohc.com\\\/web\\\/\"},{\"@type\":\"ListItem\",\"position\":2,\"name\":\"Campus\"}]},{\"@type\":\"WebSite\",\"@id\":\"https:\\\/\\\/metropolitanohc.com\\\/web\\\/#website\",\"url\":\"https:\\\/\\\/metropolitanohc.com\\\/web\\\/\",\"name\":\"\",\"description\":\"\",\"potentialAction\":[{\"@type\":\"SearchAction\",\"target\":{\"@type\":\"EntryPoint\",\"urlTemplate\":\"https:\\\/\\\/metropolitanohc.com\\\/web\\\/?s={search_term_string}\"},\"query-input\":{\"@type\":\"PropertyValueSpecification\",\"valueRequired\":true,\"valueName\":\"search_term_string\"}}],\"inLanguage\":\"es\"}]}<\/script>\n<!-- \/ Yoast SEO plugin. -->","yoast_head_json":{"title":"Campus -","robots":{"index":"index","follow":"follow","max-snippet":"max-snippet:-1","max-image-preview":"max-image-preview:large","max-video-preview":"max-video-preview:-1"},"canonical":"https:\/\/metropolitanohc.com\/web\/campus\/","og_locale":"es_ES","og_type":"article","og_title":"Campus -","og_description":"[vc_row full_width=\u00bbstretch_row_content\u00bb parallax=\u00bbcontent-moving\u00bb parallax_image=\u00bb2091&#8243; css=\u00bb.vc_custom_1528361776029{border-top-width: 1px !important;border-bottom-width: 1px !important;background-color: #d3d3d3 !important;background-position: center;background-repeat: no-repeat !important;background-size: cover !important;border-top-color: #3e3e3e !important;border-top-style: solid !important;border-bottom-color: #3e3e3e !important;border-bottom-style: solid !important;}\u00bb el_class=\u00bbsuccess-story\u00bb][vc_column width=\u00bb2\/3&#8243;][vc_custom_heading text=\u00bbEl campus de verano del Metropolitano\u00bb font_container=\u00bbtag:h1|text_align:left\u00bb use_theme_fonts=\u00bbyes\u00bb][vc_column_text]\u00a1\u00a1Os Damos la Bienvenida un a\u00f1o m\u00e1s al Campus de verano que organiza el Metropolitano HC!!\u00a0Ven y disfruta de unos d\u00edas en [&hellip;]","og_url":"https:\/\/metropolitanohc.com\/web\/campus\/","article_publisher":"https:\/\/www.facebook.com\/MetropolitanoHockeyClub\/","article_modified_time":"2018-06-25T10:27:21+00:00","twitter_card":"summary_large_image","twitter_misc":{"Tiempo de lectura":"4 minutos"},"schema":{"@context":"https:\/\/schema.org","@graph":[{"@type":"WebPage","@id":"https:\/\/metropolitanohc.com\/web\/campus\/","url":"https:\/\/metropolitanohc.com\/web\/campus\/","name":"Campus -","isPartOf":{"@id":"https:\/\/metropolitanohc.com\/web\/#website"},"datePublished":"2018-06-05T21:30:37+00:00","dateModified":"2018-06-25T10:27:21+00:00","breadcrumb":{"@id":"https:\/\/metropolitanohc.com\/web\/campus\/#breadcrumb"},"inLanguage":"es","potentialAction":[{"@type":"ReadAction","target":["https:\/\/metropolitanohc.com\/web\/campus\/"]}]},{"@type":"BreadcrumbList","@id":"https:\/\/metropolitanohc.com\/web\/campus\/#breadcrumb","itemListElement":[{"@type":"ListItem","position":1,"name":"Home","item":"https:\/\/metropolitanohc.com\/web\/"},{"@type":"ListItem","position":2,"name":"Campus"}]},{"@type":"WebSite","@id":"https:\/\/metropolitanohc.com\/web\/#website","url":"https:\/\/metropolitanohc.com\/web\/","name":"","description":"","potentialAction":[{"@type":"SearchAction","target":{"@type":"EntryPoint","urlTemplate":"https:\/\/metropolitanohc.com\/web\/?s={search_term_string}"},"query-input":{"@type":"PropertyValueSpecification","valueRequired":true,"valueName":"search_term_string"}}],"inLanguage":"es"}]}},"_links":{"self":[{"href":"https:\/\/metropolitanohc.com\/web\/wp-json\/wp\/v2\/pages\/2127","targetHints":{"allow":["GET"]}}],"collection":[{"href":"https:\/\/metropolitanohc.com\/web\/wp-json\/wp\/v2\/pages"}],"about":[{"href":"https:\/\/metropolitanohc.com\/web\/wp-json\/wp\/v2\/types\/page"}],"author":[{"embeddable":true,"href":"https:\/\/metropolitanohc.com\/web\/wp-json\/wp\/v2\/users\/1"}],"replies":[{"embeddable":true,"href":"https:\/\/metropolitanohc.com\/web\/wp-json\/wp\/v2\/comments?post=2127"}],"version-history":[{"count":85,"href":"https:\/\/metropolitanohc.com\/web\/wp-json\/wp\/v2\/pages\/2127\/revisions"}],"predecessor-version":[{"id":3308,"href":"https:\/\/metropolitanohc.com\/web\/wp-json\/wp\/v2\/pages\/2127\/revisions\/3308"}],"wp:attachment":[{"href":"https:\/\/metropolitanohc.com\/web\/wp-json\/wp\/v2\/media?parent=2127"}],"curies":[{"name":"wp","href":"https:\/\/api.w.org\/{rel}","templated":true}]}}